{"id":6608,"date":"2021-01-08T10:20:04","date_gmt":"2021-01-08T09:20:04","guid":{"rendered":"https:\/\/www.camping-cap-ouest.com\/evenements\/"},"modified":"2023-06-14T10:21:41","modified_gmt":"2023-06-14T08:21:41","slug":"evenements","status":"publish","type":"page","link":"https:\/\/www.camping-cap-ouest.com\/en\/evenements\/","title":{"rendered":"EVENTS"},"content":{"rendered":"<p>[vc_row][vc_column]<div style=\"background-color:;height: 10px\" class=\"nicdark_section  \"><\/div>[vc_custom_heading text=&#8221;Your private or professional event in the open air, facing the sea!&#8221; font_container=&#8221;tag:h2|text_align:center&#8221; use_theme_fonts=&#8221;yes&#8221;]<div style=\"background-color:;height: 30px\" class=\"nicdark_section  \"><\/div>[vc_custom_heading text=&#8221;Company seminars, trade fairs, meeting days, family reunions&#8230;&#8221; font_container=&#8221;tag:h3|text_align:center&#8221; use_theme_fonts=&#8221;yes&#8221;]<div style=\"background-color:;height: 20px\" class=\"nicdark_section  \"><\/div>[vc_custom_heading text=&#8221;Accommodation in tents for up to 50 people.&#8221; font_container=&#8221;tag:h4|text_align:center&#8221; use_theme_fonts=&#8221;yes&#8221;]<div style=\"background-color:;height: 10px\" class=\"nicdark_section  \"><\/div>[vc_custom_heading text=&#8221;Catering services, meetings and entertainment on request. Contact us to organise your events.&#8221; font_container=&#8221;tag:h4|text_align:center&#8221; use_theme_fonts=&#8221;yes&#8221;]<div style=\"background-color:;height: 40px\" class=\"nicdark_section  \"><\/div>[\/vc_column][\/vc_row][vc_row][vc_column width=&#8221;1\/3&#8243;][vc_single_image image=&#8221;2870&#8243; img_size=&#8221;full&#8221; alignment=&#8221;center&#8221;]<div style=\"background-color:;height: 5px\" class=\"nicdark_section  \"><\/div>[vc_single_image image=&#8221;2837&#8243; img_size=&#8221;full&#8221; alignment=&#8221;center&#8221;][\/vc_column][vc_column width=&#8221;1\/3&#8243;][vc_single_image image=&#8221;2430&#8243; img_size=&#8221;full&#8221; alignment=&#8221;center&#8221;]<div style=\"background-color:;height: 5px\" class=\"nicdark_section  \"><\/div>[vc_single_image image=&#8221;2914&#8243; img_size=&#8221;full&#8221; alignment=&#8221;center&#8221;][\/vc_column][vc_column width=&#8221;1\/3&#8243;][vc_single_image image=&#8221;2866&#8243; img_size=&#8221;full&#8221; alignment=&#8221;center&#8221;]<div style=\"background-color:;height: 5px\" class=\"nicdark_section  \"><\/div>[vc_single_image image=&#8221;2830&#8243; img_size=&#8221;full&#8221; alignment=&#8221;center&#8221;][\/vc_column][\/vc_row][vc_row][vc_column][vc_btn title=&#8221;CONTACT US&#8221; color=&#8221;sky&#8221; align=&#8221;center&#8221; link=&#8221;url:https%3A%2F%2Fwww.camping-cap-ouest.com%2Fnous-contacter%2F|title:NOUS%20CONTACTER&#8221;][\/vc_column][\/vc_row]<\/p>\n","protected":false},"excerpt":{"rendered":"<p>[vc_row][vc_column][vc_custom_heading text=&#8221;Your private or professional event in the open air, facing the sea!&#8221; font_container=&#8221;tag:h2|text_align:center&#8221; use_theme_fonts=&#8221;yes&#8221;][vc_custom_heading text=&#8221;Company seminars, trade fairs, meeting days, family reunions&#8230;&#8221; font_container=&#8221;tag:h3|text_align:center&#8221; use_theme_fonts=&#8221;yes&#8221;][vc_custom_heading text=&#8221;Accommodation in tents for up to 50 people.&#8221; font_container=&#8221;tag:h4|text_align:center&#8221; use_theme_fonts=&#8221;yes&#8221;][vc_custom_heading text=&#8221;Catering services, meetings and entertainment on request. Contact us to organise your events.&#8221; font_container=&#8221;tag:h4|text_align:center&#8221; use_theme_fonts=&#8221;yes&#8221;][\/vc_column][\/vc_row][vc_row][vc_column width=&#8221;1\/3&#8243;][vc_single_image image=&#8221;2870&#8243; img_size=&#8221;full&#8221; alignment=&#8221;center&#8221;][vc_single_image image=&#8221;2837&#8243; [&hellip;]<\/p>\n","protected":false},"author":1,"featured_media":0,"parent":0,"menu_order":0,"comment_status":"closed","ping_status":"closed","template":"","meta":{"_exactmetrics_skip_tracking":false,"_exactmetrics_sitenote_active":false,"_exactmetrics_sitenote_note":"","_exactmetrics_sitenote_category":0,"footnotes":""},"class_list":["post-6608","page","type-page","status-publish","hentry"],"yoast_head":"<!-- This site is optimized with the Yoast SEO plugin v26.4 - https:\/\/yoast.com\/wordpress\/plugins\/seo\/ -->\n<title>EVENEMENTS &#8226; CAMPING CAP-OUEST **<\/title>\n<meta name=\"description\" content=\"Vos \u00e9v\u00e8nements priv\u00e9s ou professionnels en pleine nature, face \u00e0 la mer ! H\u00e9bergement possible en tentes am\u00e9nag\u00e9es jusqu&#039;\u00e0 50 personnes.\" \/>\n<meta name=\"robots\" content=\"index, follow, max-snippet:-1, max-image-preview:large, max-video-preview:-1\" \/>\n<link rel=\"canonical\" href=\"https:\/\/www.camping-cap-ouest.com\/en\/evenements\/\" \/>\n<meta property=\"og:locale\" content=\"en_US\" \/>\n<meta property=\"og:type\" content=\"article\" \/>\n<meta property=\"og:title\" content=\"EVENEMENTS &#8226; CAMPING CAP-OUEST **\" \/>\n<meta property=\"og:description\" content=\"Vos \u00e9v\u00e8nements priv\u00e9s ou professionnels en pleine nature, face \u00e0 la mer ! H\u00e9bergement possible en tentes am\u00e9nag\u00e9es jusqu&#039;\u00e0 50 personnes.\" \/>\n<meta property=\"og:url\" content=\"https:\/\/www.camping-cap-ouest.com\/en\/evenements\/\" \/>\n<meta property=\"og:site_name\" content=\"CAMPING CAP-OUEST **\" \/>\n<meta property=\"article:publisher\" content=\"https:\/\/facebook.com\/campingcapouest\" \/>\n<meta property=\"article:modified_time\" content=\"2023-06-14T08:21:41+00:00\" \/>\n<meta name=\"twitter:card\" content=\"summary_large_image\" \/>\n<meta name=\"twitter:label1\" content=\"Est. reading time\" \/>\n\t<meta name=\"twitter:data1\" content=\"1 minute\" \/>\n<script type=\"application\/ld+json\" class=\"yoast-schema-graph\">{\"@context\":\"https:\/\/schema.org\",\"@graph\":[{\"@type\":\"WebPage\",\"@id\":\"https:\/\/www.camping-cap-ouest.com\/en\/evenements\/\",\"url\":\"https:\/\/www.camping-cap-ouest.com\/en\/evenements\/\",\"name\":\"EVENEMENTS &#8226; CAMPING CAP-OUEST **\",\"isPartOf\":{\"@id\":\"https:\/\/www.camping-cap-ouest.com\/#website\"},\"datePublished\":\"2021-01-08T09:20:04+00:00\",\"dateModified\":\"2023-06-14T08:21:41+00:00\",\"description\":\"Vos \u00e9v\u00e8nements priv\u00e9s ou professionnels en pleine nature, face \u00e0 la mer ! H\u00e9bergement possible en tentes am\u00e9nag\u00e9es jusqu'\u00e0 50 personnes.\",\"breadcrumb\":{\"@id\":\"https:\/\/www.camping-cap-ouest.com\/en\/evenements\/#breadcrumb\"},\"inLanguage\":\"en-US\",\"potentialAction\":[{\"@type\":\"ReadAction\",\"target\":[\"https:\/\/www.camping-cap-ouest.com\/en\/evenements\/\"]}]},{\"@type\":\"BreadcrumbList\",\"@id\":\"https:\/\/www.camping-cap-ouest.com\/en\/evenements\/#breadcrumb\",\"itemListElement\":[{\"@type\":\"ListItem\",\"position\":1,\"name\":\"Accueil\",\"item\":\"https:\/\/www.camping-cap-ouest.com\/en\/\"},{\"@type\":\"ListItem\",\"position\":2,\"name\":\"EVENTS\"}]},{\"@type\":\"WebSite\",\"@id\":\"https:\/\/www.camping-cap-ouest.com\/#website\",\"url\":\"https:\/\/www.camping-cap-ouest.com\/\",\"name\":\"CAMPING CAP-OUEST **\",\"description\":\"Camping de Crozon vue mer GR34\",\"publisher\":{\"@id\":\"https:\/\/www.camping-cap-ouest.com\/#organization\"},\"potentialAction\":[{\"@type\":\"SearchAction\",\"target\":{\"@type\":\"EntryPoint\",\"urlTemplate\":\"https:\/\/www.camping-cap-ouest.com\/?s={search_term_string}\"},\"query-input\":{\"@type\":\"PropertyValueSpecification\",\"valueRequired\":true,\"valueName\":\"search_term_string\"}}],\"inLanguage\":\"en-US\"},{\"@type\":\"Organization\",\"@id\":\"https:\/\/www.camping-cap-ouest.com\/#organization\",\"name\":\"Camping CAP-OUEST\",\"url\":\"https:\/\/www.camping-cap-ouest.com\/\",\"logo\":{\"@type\":\"ImageObject\",\"inLanguage\":\"en-US\",\"@id\":\"https:\/\/www.camping-cap-ouest.com\/#\/schema\/logo\/image\/\",\"url\":\"https:\/\/www.camping-cap-ouest.com\/wp-content\/uploads\/2020\/01\/logo-camping-carre.png\",\"contentUrl\":\"https:\/\/www.camping-cap-ouest.com\/wp-content\/uploads\/2020\/01\/logo-camping-carre.png\",\"width\":200,\"height\":200,\"caption\":\"Camping CAP-OUEST\"},\"image\":{\"@id\":\"https:\/\/www.camping-cap-ouest.com\/#\/schema\/logo\/image\/\"},\"sameAs\":[\"https:\/\/facebook.com\/campingcapouest\",\"https:\/\/www.instagram.com\/capouest29\/\"]}]}<\/script>\n<!-- \/ Yoast SEO plugin. -->","yoast_head_json":{"title":"EVENEMENTS &#8226; CAMPING CAP-OUEST **","description":"Vos \u00e9v\u00e8nements priv\u00e9s ou professionnels en pleine nature, face \u00e0 la mer ! H\u00e9bergement possible en tentes am\u00e9nag\u00e9es jusqu'\u00e0 50 personnes.","robots":{"index":"index","follow":"follow","max-snippet":"max-snippet:-1","max-image-preview":"max-image-preview:large","max-video-preview":"max-video-preview:-1"},"canonical":"https:\/\/www.camping-cap-ouest.com\/en\/evenements\/","og_locale":"en_US","og_type":"article","og_title":"EVENEMENTS &#8226; CAMPING CAP-OUEST **","og_description":"Vos \u00e9v\u00e8nements priv\u00e9s ou professionnels en pleine nature, face \u00e0 la mer ! H\u00e9bergement possible en tentes am\u00e9nag\u00e9es jusqu'\u00e0 50 personnes.","og_url":"https:\/\/www.camping-cap-ouest.com\/en\/evenements\/","og_site_name":"CAMPING CAP-OUEST **","article_publisher":"https:\/\/facebook.com\/campingcapouest","article_modified_time":"2023-06-14T08:21:41+00:00","twitter_card":"summary_large_image","twitter_misc":{"Est. reading time":"1 minute"},"schema":{"@context":"https:\/\/schema.org","@graph":[{"@type":"WebPage","@id":"https:\/\/www.camping-cap-ouest.com\/en\/evenements\/","url":"https:\/\/www.camping-cap-ouest.com\/en\/evenements\/","name":"EVENEMENTS &#8226; CAMPING CAP-OUEST **","isPartOf":{"@id":"https:\/\/www.camping-cap-ouest.com\/#website"},"datePublished":"2021-01-08T09:20:04+00:00","dateModified":"2023-06-14T08:21:41+00:00","description":"Vos \u00e9v\u00e8nements priv\u00e9s ou professionnels en pleine nature, face \u00e0 la mer ! H\u00e9bergement possible en tentes am\u00e9nag\u00e9es jusqu'\u00e0 50 personnes.","breadcrumb":{"@id":"https:\/\/www.camping-cap-ouest.com\/en\/evenements\/#breadcrumb"},"inLanguage":"en-US","potentialAction":[{"@type":"ReadAction","target":["https:\/\/www.camping-cap-ouest.com\/en\/evenements\/"]}]},{"@type":"BreadcrumbList","@id":"https:\/\/www.camping-cap-ouest.com\/en\/evenements\/#breadcrumb","itemListElement":[{"@type":"ListItem","position":1,"name":"Accueil","item":"https:\/\/www.camping-cap-ouest.com\/en\/"},{"@type":"ListItem","position":2,"name":"EVENTS"}]},{"@type":"WebSite","@id":"https:\/\/www.camping-cap-ouest.com\/#website","url":"https:\/\/www.camping-cap-ouest.com\/","name":"CAMPING CAP-OUEST **","description":"Camping de Crozon vue mer GR34","publisher":{"@id":"https:\/\/www.camping-cap-ouest.com\/#organization"},"potentialAction":[{"@type":"SearchAction","target":{"@type":"EntryPoint","urlTemplate":"https:\/\/www.camping-cap-ouest.com\/?s={search_term_string}"},"query-input":{"@type":"PropertyValueSpecification","valueRequired":true,"valueName":"search_term_string"}}],"inLanguage":"en-US"},{"@type":"Organization","@id":"https:\/\/www.camping-cap-ouest.com\/#organization","name":"Camping CAP-OUEST","url":"https:\/\/www.camping-cap-ouest.com\/","logo":{"@type":"ImageObject","inLanguage":"en-US","@id":"https:\/\/www.camping-cap-ouest.com\/#\/schema\/logo\/image\/","url":"https:\/\/www.camping-cap-ouest.com\/wp-content\/uploads\/2020\/01\/logo-camping-carre.png","contentUrl":"https:\/\/www.camping-cap-ouest.com\/wp-content\/uploads\/2020\/01\/logo-camping-carre.png","width":200,"height":200,"caption":"Camping CAP-OUEST"},"image":{"@id":"https:\/\/www.camping-cap-ouest.com\/#\/schema\/logo\/image\/"},"sameAs":["https:\/\/facebook.com\/campingcapouest","https:\/\/www.instagram.com\/capouest29\/"]}]}},"_links":{"self":[{"href":"https:\/\/www.camping-cap-ouest.com\/en\/wp-json\/wp\/v2\/pages\/6608","targetHints":{"allow":["GET"]}}],"collection":[{"href":"https:\/\/www.camping-cap-ouest.com\/en\/wp-json\/wp\/v2\/pages"}],"about":[{"href":"https:\/\/www.camping-cap-ouest.com\/en\/wp-json\/wp\/v2\/types\/page"}],"author":[{"embeddable":true,"href":"https:\/\/www.camping-cap-ouest.com\/en\/wp-json\/wp\/v2\/users\/1"}],"replies":[{"embeddable":true,"href":"https:\/\/www.camping-cap-ouest.com\/en\/wp-json\/wp\/v2\/comments?post=6608"}],"version-history":[{"count":2,"href":"https:\/\/www.camping-cap-ouest.com\/en\/wp-json\/wp\/v2\/pages\/6608\/revisions"}],"predecessor-version":[{"id":6610,"href":"https:\/\/www.camping-cap-ouest.com\/en\/wp-json\/wp\/v2\/pages\/6608\/revisions\/6610"}],"wp:attachment":[{"href":"https:\/\/www.camping-cap-ouest.com\/en\/wp-json\/wp\/v2\/media?parent=6608"}],"curies":[{"name":"wp","href":"https:\/\/api.w.org\/{rel}","templated":true}]}}